{"id":29,"date":"2022-05-30T02:18:01","date_gmt":"2022-05-30T02:18:01","guid":{"rendered":"https:\/\/demo.ovatheme.com\/podover\/?page_id=29"},"modified":"2023-06-17T05:31:02","modified_gmt":"2023-06-17T05:31:02","slug":"about-us","status":"publish","type":"page","link":"https:\/\/puebladenuestrosamores.com\/index.php\/about-us\/","title":{"rendered":"Nosotros"},"content":{"rendered":"\t\t<div data-elementor-type=\"wp-page\" data-elementor-id=\"29\" class=\"elementor elementor-29\">\n\t\t\t\t<div class=\"elementor-element elementor-element-51d430e e-flex e-con-boxed e-con e-parent\" data-id=\"51d430e\" data-element_type=\"container\" data-e-type=\"container\">\n\t\t\t\t\t<div class=\"e-con-inner\">\n\t\t\t\t<div class=\"elementor-element elementor-element-bfb026a elementor-widget elementor-widget-text-editor\" data-id=\"bfb026a\" data-element_type=\"widget\" data-e-type=\"widget\" data-widget_type=\"text-editor.default\">\n\t\t\t\t<div class=\"elementor-widget-container\">\n\t\t\t\t\t\t\t\t\t<h1><img decoding=\"async\" class=\"alignnone wp-image-4504\" src=\"https:\/\/puebladenuestrosamores.com\/wp-content\/uploads\/2023\/06\/Elemento_TEXTOS.png\" alt=\"\" width=\"26\" height=\"26\" srcset=\"https:\/\/puebladenuestrosamores.com\/wp-content\/uploads\/2023\/06\/Elemento_TEXTOS.png 300w, https:\/\/puebladenuestrosamores.com\/wp-content\/uploads\/2023\/06\/Elemento_TEXTOS-150x150.png 150w\" sizes=\"(max-width: 26px) 100vw, 26px\" \/>\u00a0\u00bfQu\u00e9 es Puebla de nuestros amores?<\/h1>\t\t\t\t\t\t\t\t<\/div>\n\t\t\t\t<\/div>\n\t\t\t\t\t<\/div>\n\t\t\t\t<\/div>\n\t\t<div class=\"elementor-element elementor-element-e262d97 e-flex e-con-boxed e-con e-parent\" data-id=\"e262d97\" data-element_type=\"container\" data-e-type=\"container\">\n\t\t\t\t\t<div class=\"e-con-inner\">\n\t\t<div class=\"elementor-element elementor-element-141d301 e-con-full e-flex e-con e-parent\" data-id=\"141d301\" data-element_type=\"container\" data-e-type=\"container\">\n\t\t\t\t<div class=\"elementor-element elementor-element-4a36e14 elementor-widget elementor-widget-text-editor\" data-id=\"4a36e14\" data-element_type=\"widget\" data-e-type=\"widget\" data-widget_type=\"text-editor.default\">\n\t\t\t\t<div class=\"elementor-widget-container\">\n\t\t\t\t\t\t\t\t\t<h4 class=\"MsoNormal\"><span lang=\"ES\"><span style=\"color: #ec008b;\"><strong><em>\u201cPuebla de Nuestros Amores\u201d<\/em><\/strong><\/span> <span style=\"color: #333333;\">es un conjunto de estrategias encaminadas a la difusi\u00f3n de la historia no escrita de la ciudad de Puebla, basadas en las narraciones sonoras de quien fuera miembro del Primer Consejo de la Cr\u00f3nica de la Ciudad: <b>Urbano Deloya Rodr\u00edguez.<\/b><\/span><\/span><\/h4><p class=\"MsoNormal\"><span lang=\"ES\" style=\"color: #333333;\">\u00a0<\/span><\/p>\t\t\t\t\t\t\t\t<\/div>\n\t\t\t\t<\/div>\n\t\t\t\t<\/div>\n\t\t<div class=\"elementor-element elementor-element-48d5d97 e-con-full e-flex e-con e-parent\" data-id=\"48d5d97\" data-element_type=\"container\" data-e-type=\"container\">\n\t\t\t\t<div class=\"elementor-element elementor-element-63439e6 elementor-widget elementor-widget-image\" data-id=\"63439e6\" data-element_type=\"widget\" data-e-type=\"widget\" data-widget_type=\"image.default\">\n\t\t\t\t<div class=\"elementor-widget-container\">\n\t\t\t\t\t\t\t\t\t\t\t\t\t\t\t<img fetchpriority=\"high\" decoding=\"async\" width=\"570\" height=\"640\" src=\"https:\/\/puebladenuestrosamores.com\/wp-content\/uploads\/2023\/05\/LIBROS.png\" class=\"attachment-large size-large wp-image-3724\" alt=\"\" srcset=\"https:\/\/puebladenuestrosamores.com\/wp-content\/uploads\/2023\/05\/LIBROS.png 570w, https:\/\/puebladenuestrosamores.com\/wp-content\/uploads\/2023\/05\/LIBROS-267x300.png 267w\" sizes=\"(max-width: 570px) 100vw, 570px\" \/>\t\t\t\t\t\t\t\t\t\t\t\t\t\t\t<\/div>\n\t\t\t\t<\/div>\n\t\t\t\t<\/div>\n\t\t\t\t\t<\/div>\n\t\t\t\t<\/div>\n\t\t<div class=\"elementor-element elementor-element-deeeb23 e-flex e-con-boxed e-con e-parent\" data-id=\"deeeb23\" data-element_type=\"container\" data-e-type=\"container\">\n\t\t\t\t\t<div class=\"e-con-inner\">\n\t\t\t\t<div class=\"elementor-element elementor-element-4942312 elementor-widget elementor-widget-image\" data-id=\"4942312\" data-element_type=\"widget\" data-e-type=\"widget\" data-widget_type=\"image.default\">\n\t\t\t\t<div class=\"elementor-widget-container\">\n\t\t\t\t\t\t\t\t\t\t\t\t\t\t\t<img decoding=\"async\" width=\"150\" height=\"150\" src=\"https:\/\/puebladenuestrosamores.com\/wp-content\/uploads\/2023\/05\/Adorno_2-150x150.png\" class=\"attachment-thumbnail size-thumbnail wp-image-3728\" alt=\"\" srcset=\"https:\/\/puebladenuestrosamores.com\/wp-content\/uploads\/2023\/05\/Adorno_2-150x150.png 150w, https:\/\/puebladenuestrosamores.com\/wp-content\/uploads\/2023\/05\/Adorno_2.png 300w\" sizes=\"(max-width: 150px) 100vw, 150px\" \/>\t\t\t\t\t\t\t\t\t\t\t\t\t\t\t<\/div>\n\t\t\t\t<\/div>\n\t\t\t\t\t<\/div>\n\t\t\t\t<\/div>\n\t\t<div class=\"elementor-element elementor-element-a73819a e-flex e-con-boxed e-con e-parent\" data-id=\"a73819a\" data-element_type=\"container\" data-e-type=\"container\">\n\t\t\t\t\t<div class=\"e-con-inner\">\n\t\t\t\t<div class=\"elementor-element elementor-element-9b2dc30 elementor-widget elementor-widget-text-editor\" data-id=\"9b2dc30\" data-element_type=\"widget\" data-e-type=\"widget\" data-widget_type=\"text-editor.default\">\n\t\t\t\t<div class=\"elementor-widget-container\">\n\t\t\t\t\t\t\t\t\t<h4 style=\"text-align: center;\"><span style=\"color: #85aee4;\">Adem\u00e1s de ser autor de varios libros sobre la historia de Puebla, comparti\u00f3 sus narraciones en dos de las estaciones de radio hablada m\u00e1s importantes durante las d\u00e9cadas de los a\u00f1os 80 y 90, logrando los m\u00e1s altos ratings de la \u00e9poca.<\/span><\/h4>\t\t\t\t\t\t\t\t<\/div>\n\t\t\t\t<\/div>\n\t\t\t\t\t<\/div>\n\t\t\t\t<\/div>\n\t\t<div class=\"elementor-element elementor-element-b30a54e e-flex e-con-boxed e-con e-parent\" data-id=\"b30a54e\" data-element_type=\"container\" data-e-type=\"container\">\n\t\t\t\t\t<div class=\"e-con-inner\">\n\t\t\t\t<div class=\"elementor-element elementor-element-3a1113f elementor-widget elementor-widget-image\" data-id=\"3a1113f\" data-element_type=\"widget\" data-e-type=\"widget\" data-widget_type=\"image.default\">\n\t\t\t\t<div class=\"elementor-widget-container\">\n\t\t\t\t\t\t\t\t\t\t\t\t\t\t\t<img loading=\"lazy\" decoding=\"async\" width=\"768\" height=\"358\" src=\"https:\/\/puebladenuestrosamores.com\/wp-content\/uploads\/2023\/05\/SLIDERS1-768x358.png\" class=\"attachment-medium_large size-medium_large wp-image-3744\" alt=\"\" srcset=\"https:\/\/puebladenuestrosamores.com\/wp-content\/uploads\/2023\/05\/SLIDERS1-768x358.png 768w, https:\/\/puebladenuestrosamores.com\/wp-content\/uploads\/2023\/05\/SLIDERS1-300x140.png 300w, https:\/\/puebladenuestrosamores.com\/wp-content\/uploads\/2023\/05\/SLIDERS1-1024x478.png 1024w, https:\/\/puebladenuestrosamores.com\/wp-content\/uploads\/2023\/05\/SLIDERS1.png 1500w\" sizes=\"(max-width: 768px) 100vw, 768px\" \/>\t\t\t\t\t\t\t\t\t\t\t\t\t\t\t<\/div>\n\t\t\t\t<\/div>\n\t\t\t\t\t<\/div>\n\t\t\t\t<\/div>\n\t\t<div class=\"elementor-element elementor-element-bc47dbb e-flex e-con-boxed e-con e-parent\" data-id=\"bc47dbb\" data-element_type=\"container\" data-e-type=\"container\">\n\t\t\t\t\t<div class=\"e-con-inner\">\n\t\t\t\t<div class=\"elementor-element elementor-element-f27a4e1 elementor-widget elementor-widget-text-editor\" data-id=\"f27a4e1\" data-element_type=\"widget\" data-e-type=\"widget\" data-widget_type=\"text-editor.default\">\n\t\t\t\t<div class=\"elementor-widget-container\">\n\t\t\t\t\t\t\t\t\t<h1><img loading=\"lazy\" decoding=\"async\" class=\"alignnone wp-image-4504\" src=\"https:\/\/puebladenuestrosamores.com\/wp-content\/uploads\/2023\/06\/Elemento_TEXTOS.png\" alt=\"\" width=\"30\" height=\"30\" srcset=\"https:\/\/puebladenuestrosamores.com\/wp-content\/uploads\/2023\/06\/Elemento_TEXTOS.png 300w, https:\/\/puebladenuestrosamores.com\/wp-content\/uploads\/2023\/06\/Elemento_TEXTOS-150x150.png 150w\" sizes=\"(max-width: 30px) 100vw, 30px\" \/> \u00bfQu\u00e9 se pretende?<\/h1>\t\t\t\t\t\t\t\t<\/div>\n\t\t\t\t<\/div>\n\t\t\t\t\t<\/div>\n\t\t\t\t<\/div>\n\t\t<div class=\"elementor-element elementor-element-cb80c54 e-flex e-con-boxed e-con e-parent\" data-id=\"cb80c54\" data-element_type=\"container\" data-e-type=\"container\">\n\t\t\t\t\t<div class=\"e-con-inner\">\n\t\t<div class=\"elementor-element elementor-element-baf14ce e-con-full e-flex e-con e-parent\" data-id=\"baf14ce\" data-element_type=\"container\" data-e-type=\"container\">\n\t\t\t\t<div class=\"elementor-element elementor-element-c56a6fe elementor-widget elementor-widget-image\" data-id=\"c56a6fe\" data-element_type=\"widget\" data-e-type=\"widget\" data-widget_type=\"image.default\">\n\t\t\t\t<div class=\"elementor-widget-container\">\n\t\t\t\t\t\t\t\t\t\t\t\t\t\t\t<img loading=\"lazy\" decoding=\"async\" width=\"267\" height=\"300\" src=\"https:\/\/puebladenuestrosamores.com\/wp-content\/uploads\/2023\/05\/MARCO-267x300.png\" class=\"attachment-medium size-medium wp-image-3757\" alt=\"\" srcset=\"https:\/\/puebladenuestrosamores.com\/wp-content\/uploads\/2023\/05\/MARCO-267x300.png 267w, https:\/\/puebladenuestrosamores.com\/wp-content\/uploads\/2023\/05\/MARCO.png 570w\" sizes=\"(max-width: 267px) 100vw, 267px\" \/>\t\t\t\t\t\t\t\t\t\t\t\t\t\t\t<\/div>\n\t\t\t\t<\/div>\n\t\t\t\t<\/div>\n\t\t<div class=\"elementor-element elementor-element-58c4845 e-con-full e-flex e-con e-parent\" data-id=\"58c4845\" data-element_type=\"container\" data-e-type=\"container\">\n\t\t\t\t<div class=\"elementor-element elementor-element-ab4ec24 elementor-widget elementor-widget-text-editor\" data-id=\"ab4ec24\" data-element_type=\"widget\" data-e-type=\"widget\" data-widget_type=\"text-editor.default\">\n\t\t\t\t<div class=\"elementor-widget-container\">\n\t\t\t\t\t\t\t\t\t<ul><li><strong><span style=\"color: #85aee4;\">Dar voz a diversos actores y conocedores de la historia de Puebla<\/span> sobre temas espec\u00edficos.<\/strong><\/li><li><span style=\"color: #85aee4;\"><strong>Rescatar la cr\u00f3nica hist\u00f3rica sobre la ciudad de Puebla.<\/strong><\/span><\/li><\/ul><p style=\"padding-left: 40px;\"><strong>\u00a0Generar espacios para que las nuevas generaciones conozcan sobre la historia no escrita de la ciudad de Puebla.<\/strong><\/p>\t\t\t\t\t\t\t\t<\/div>\n\t\t\t\t<\/div>\n\t\t\t\t<\/div>\n\t\t\t\t\t<\/div>\n\t\t\t\t<\/div>\n\t\t<div class=\"elementor-element elementor-element-aed5497 e-flex e-con-boxed e-con e-parent\" data-id=\"aed5497\" data-element_type=\"container\" data-e-type=\"container\">\n\t\t\t\t\t<div class=\"e-con-inner\">\n\t\t\t\t<div class=\"elementor-element elementor-element-b7d68f5 elementor-widget elementor-widget-text-editor\" data-id=\"b7d68f5\" data-element_type=\"widget\" data-e-type=\"widget\" data-widget_type=\"text-editor.default\">\n\t\t\t\t<div class=\"elementor-widget-container\">\n\t\t\t\t\t\t\t\t\t<h1><img loading=\"lazy\" decoding=\"async\" class=\"alignnone wp-image-4504\" src=\"https:\/\/puebladenuestrosamores.com\/wp-content\/uploads\/2023\/06\/Elemento_TEXTOS.png\" alt=\"\" width=\"30\" height=\"30\" srcset=\"https:\/\/puebladenuestrosamores.com\/wp-content\/uploads\/2023\/06\/Elemento_TEXTOS.png 300w, https:\/\/puebladenuestrosamores.com\/wp-content\/uploads\/2023\/06\/Elemento_TEXTOS-150x150.png 150w\" sizes=\"(max-width: 30px) 100vw, 30px\" \/> \u00bfC\u00f3mo lograrlo?<\/h1>\t\t\t\t\t\t\t\t<\/div>\n\t\t\t\t<\/div>\n\t\t\t\t\t<\/div>\n\t\t\t\t<\/div>\n\t\t<div class=\"elementor-element elementor-element-b6f39bc e-flex e-con-boxed e-con e-parent\" data-id=\"b6f39bc\" data-element_type=\"container\" data-e-type=\"container\">\n\t\t\t\t\t<div class=\"e-con-inner\">\n\t\t<div class=\"elementor-element elementor-element-cf7b23d e-con-full e-flex e-con e-parent\" data-id=\"cf7b23d\" data-element_type=\"container\" data-e-type=\"container\">\n\t\t\t\t<div class=\"elementor-element elementor-element-d7eda94 elementor-widget elementor-widget-image\" data-id=\"d7eda94\" data-element_type=\"widget\" data-e-type=\"widget\" data-widget_type=\"image.default\">\n\t\t\t\t<div class=\"elementor-widget-container\">\n\t\t\t\t\t\t\t\t\t\t\t\t\t\t\t<img loading=\"lazy\" decoding=\"async\" width=\"150\" height=\"150\" src=\"https:\/\/puebladenuestrosamores.com\/wp-content\/uploads\/2023\/05\/ICONO_1-150x150.png\" class=\"attachment-thumbnail size-thumbnail wp-image-3772\" alt=\"\" \/>\t\t\t\t\t\t\t\t\t\t\t\t\t\t\t<\/div>\n\t\t\t\t<\/div>\n\t\t\t\t<\/div>\n\t\t<div class=\"elementor-element elementor-element-193a62e e-con-full e-flex e-con e-parent\" data-id=\"193a62e\" data-element_type=\"container\" data-e-type=\"container\">\n\t\t\t\t<div class=\"elementor-element elementor-element-813a417 elementor-widget elementor-widget-text-editor\" data-id=\"813a417\" data-element_type=\"widget\" data-e-type=\"widget\" data-widget_type=\"text-editor.default\">\n\t\t\t\t<div class=\"elementor-widget-container\">\n\t\t\t\t\t\t\t\t\t<p><strong><span style=\"color: #85aee4;\">Creaci\u00f3n de un repositorio electr\u00f3nico (p\u00e1gina web)<\/span> en donde se almacenan diversas cr\u00f3nicas de la ciudad de Puebla, catalogadas por temas espec\u00edficos.<\/strong><\/p>\t\t\t\t\t\t\t\t<\/div>\n\t\t\t\t<\/div>\n\t\t\t\t<\/div>\n\t\t\t\t\t<\/div>\n\t\t\t\t<\/div>\n\t\t<div class=\"elementor-element elementor-element-d323a2f e-flex e-con-boxed e-con e-parent\" data-id=\"d323a2f\" data-element_type=\"container\" data-e-type=\"container\">\n\t\t\t\t\t<div class=\"e-con-inner\">\n\t\t<div class=\"elementor-element elementor-element-e4061f4 e-con-full e-flex e-con e-parent\" data-id=\"e4061f4\" data-element_type=\"container\" data-e-type=\"container\">\n\t\t\t\t<div class=\"elementor-element elementor-element-40f450e elementor-widget elementor-widget-image\" data-id=\"40f450e\" data-element_type=\"widget\" data-e-type=\"widget\" data-widget_type=\"image.default\">\n\t\t\t\t<div class=\"elementor-widget-container\">\n\t\t\t\t\t\t\t\t\t\t\t\t\t\t\t<img loading=\"lazy\" decoding=\"async\" width=\"150\" height=\"150\" src=\"https:\/\/puebladenuestrosamores.com\/wp-content\/uploads\/2023\/05\/ICONO_2-150x150.png\" class=\"attachment-thumbnail size-thumbnail wp-image-3773\" alt=\"\" \/>\t\t\t\t\t\t\t\t\t\t\t\t\t\t\t<\/div>\n\t\t\t\t<\/div>\n\t\t\t\t<\/div>\n\t\t<div class=\"elementor-element elementor-element-0c76235 e-con-full e-flex e-con e-parent\" data-id=\"0c76235\" data-element_type=\"container\" data-e-type=\"container\">\n\t\t\t\t<div class=\"elementor-element elementor-element-211da6d elementor-widget elementor-widget-text-editor\" data-id=\"211da6d\" data-element_type=\"widget\" data-e-type=\"widget\" data-widget_type=\"text-editor.default\">\n\t\t\t\t<div class=\"elementor-widget-container\">\n\t\t\t\t\t\t\t\t\t<p><strong><span style=\"color: #85aee4;\">Producci\u00f3n y publicaci\u00f3n en plataformas digitales<\/span> de un p\u00f3dcast semanal, referente a las cr\u00f3nicas publicadas en la p\u00e1gina web, contando con invitados que cuenten con el conocimiento sobre la materia.<\/strong><\/p>\t\t\t\t\t\t\t\t<\/div>\n\t\t\t\t<\/div>\n\t\t\t\t<\/div>\n\t\t\t\t\t<\/div>\n\t\t\t\t<\/div>\n\t\t<div class=\"elementor-element elementor-element-7ac8035 e-flex e-con-boxed e-con e-parent\" data-id=\"7ac8035\" data-element_type=\"container\" data-e-type=\"container\">\n\t\t\t\t\t<div class=\"e-con-inner\">\n\t\t<div class=\"elementor-element elementor-element-274c175 e-con-full e-flex e-con e-parent\" data-id=\"274c175\" data-element_type=\"container\" data-e-type=\"container\">\n\t\t\t\t<div class=\"elementor-element elementor-element-8663d5b elementor-widget elementor-widget-image\" data-id=\"8663d5b\" data-element_type=\"widget\" data-e-type=\"widget\" data-widget_type=\"image.default\">\n\t\t\t\t<div class=\"elementor-widget-container\">\n\t\t\t\t\t\t\t\t\t\t\t\t\t\t\t<img loading=\"lazy\" decoding=\"async\" width=\"150\" height=\"150\" src=\"https:\/\/puebladenuestrosamores.com\/wp-content\/uploads\/2023\/05\/ICONO_3-150x150.png\" class=\"attachment-thumbnail size-thumbnail wp-image-3774\" alt=\"\" \/>\t\t\t\t\t\t\t\t\t\t\t\t\t\t\t<\/div>\n\t\t\t\t<\/div>\n\t\t\t\t<\/div>\n\t\t<div class=\"elementor-element elementor-element-5befe7f e-con-full e-flex e-con e-parent\" data-id=\"5befe7f\" data-element_type=\"container\" data-e-type=\"container\">\n\t\t\t\t<div class=\"elementor-element elementor-element-d3795e1 elementor-widget elementor-widget-text-editor\" data-id=\"d3795e1\" data-element_type=\"widget\" data-e-type=\"widget\" data-widget_type=\"text-editor.default\">\n\t\t\t\t<div class=\"elementor-widget-container\">\n\t\t\t\t\t\t\t\t\t<p><strong><span style=\"color: #85aee4;\">Difusi\u00f3n de los temas contenidos<\/span> tanto en las cr\u00f3nicas como en el podcast a trav\u00e9s de redes sociales.<\/strong><\/p>\t\t\t\t\t\t\t\t<\/div>\n\t\t\t\t<\/div>\n\t\t\t\t<\/div>\n\t\t\t\t\t<\/div>\n\t\t\t\t<\/div>\n\t\t\t\t<\/div>\n\t\t","protected":false},"excerpt":{"rendered":"<p>\u00a0\u00bfQu\u00e9 es Puebla de nuestros amores? \u201cPuebla de Nuestros Amores\u201d es un conjunto de estrategias encaminadas a la difusi\u00f3n de la historia no escrita de la ciudad de Puebla, basadas en las narraciones sonoras de quien fuera miembro del Primer Consejo de la Cr\u00f3nica de la Ciudad: Urbano Deloya Rodr\u00edguez. \u00a0 Adem\u00e1s de ser autor [&hellip;]<\/p>\n","protected":false},"author":1,"featured_media":0,"parent":0,"menu_order":0,"comment_status":"closed","ping_status":"closed","template":"elementor_header_footer","meta":{"footnotes":""},"class_list":["post-29","page","type-page","status-publish","hentry"],"aioseo_notices":[],"_links":{"self":[{"href":"https:\/\/puebladenuestrosamores.com\/index.php\/wp-json\/wp\/v2\/pages\/29","targetHints":{"allow":["GET"]}}],"collection":[{"href":"https:\/\/puebladenuestrosamores.com\/index.php\/wp-json\/wp\/v2\/pages"}],"about":[{"href":"https:\/\/puebladenuestrosamores.com\/index.php\/wp-json\/wp\/v2\/types\/page"}],"author":[{"embeddable":true,"href":"https:\/\/puebladenuestrosamores.com\/index.php\/wp-json\/wp\/v2\/users\/1"}],"replies":[{"embeddable":true,"href":"https:\/\/puebladenuestrosamores.com\/index.php\/wp-json\/wp\/v2\/comments?post=29"}],"version-history":[{"count":110,"href":"https:\/\/puebladenuestrosamores.com\/index.php\/wp-json\/wp\/v2\/pages\/29\/revisions"}],"predecessor-version":[{"id":4530,"href":"https:\/\/puebladenuestrosamores.com\/index.php\/wp-json\/wp\/v2\/pages\/29\/revisions\/4530"}],"wp:attachment":[{"href":"https:\/\/puebladenuestrosamores.com\/index.php\/wp-json\/wp\/v2\/media?parent=29"}],"curies":[{"name":"wp","href":"https:\/\/api.w.org\/{rel}","templated":true}]}}